{"id":127,"date":"2018-10-27T09:49:51","date_gmt":"2018-10-27T09:49:51","guid":{"rendered":"https:\/\/schreinerei-jg.de\/?page_id=127"},"modified":"2018-10-27T09:49:51","modified_gmt":"2018-10-27T09:49:51","slug":"anfahrt","status":"publish","type":"page","link":"https:\/\/www.schreinerei-jg.de\/index.php\/anfahrt\/","title":{"rendered":"Anfahrt"},"content":{"rendered":"\n<p><strong>von M\u00fcnchen kommend:<\/strong><\/p>\n\n\n\n<p>Sie fahren auf der A8 Richtung Stuttgart. Bei der Ausfahrt Sulzemoos verlassen Sie die Autobahn. Dort biegen Sie im Kreisverkehr an der dritten Ausfahrt in Richtung Sulzemoos ab und folgen dem Stra\u00dfenverlauf f\u00fcr 5 km. In Wiedenzhausen fahren Sie an der Kreuzung Richtung Odelzhausen folgen dem Stra\u00dfenverlauf ca. 500 Meter. An der Kreuzung Richtung Orthofen befindet sich unsere Einfahrt.<\/p>\n\n\n\n<p><strong>von Augsburg kommend:<\/strong><\/p>\n\n\n\n<p>Sie fahren auf der A8 Richtung M\u00fcnchen. Bei der Ausfahrt Odelzhausen verlassen Sie die Autobahn. Dort biegen Sie im Kreisverkehr in der dritten Ausfahrt aus und fahren \u00fcber die Autobahnbr\u00fccke. Im n\u00e4chsten Kreisverkehr nehmen Sie die erste Ausfahrt in Richtung Wiedenzhausen und folgen dem Stra\u00dfenverlauf f\u00fcr 4 km. Sie passieren die Ortseinfahrt in Wiedenzhausen. Nach ca 300 Meter biegen Sie links in die Einfahrt an der Kreuzung in Richtung Orthoen ein.<\/p>\n\n\n\n<p><strong>mit den \u00f6ffentlichen Vekehrsmitteln:<br><br><\/strong>Wiedenzhausen ist mit den Buslinien 721 (Vom Bahnhof Dachau) und der Buslinie 732 (Vom Bahnhof M\u00fcnchen\/Pasing) erreichbar. Sie steigen an der Bushaltestelle Wiedenzhausen\/Rohrbachbr\u00fccke aus.Von dort aus sind es nur noch wenige Meter zur Schreinerei Gr\u00fcnerbel.<\/p>\n","protected":false},"excerpt":{"rendered":"<p>von M\u00fcnchen kommend: Sie fahren auf der A8 Richtung Stuttgart. Bei der Ausfahrt Sulzemoos verlassen Sie die Autobahn. Dort biegen Sie im Kreisverkehr an der dritten Ausfahrt in Richtung Sulzemoos ab und folgen dem Stra\u00dfenverlauf f\u00fcr 5 km. In Wiedenzhausen fahren Sie an der Kreuzung Richtung Odelzhausen folgen dem Stra\u00dfenverlauf ca. 500 Meter. An der &hellip; <a href=\"https:\/\/www.schreinerei-jg.de\/index.php\/anfahrt\/\" class=\"more-link\"><span class=\"screen-reader-text\">Anfahrt<\/span> weiterlesen <span class=\"meta-nav\">&rarr;<\/span><\/a><\/p>\n","protected":false},"author":2,"featured_media":0,"parent":0,"menu_order":0,"comment_status":"closed","ping_status":"closed","template":"","meta":{"ngg_post_thumbnail":0,"footnotes":""},"class_list":["post-127","page","type-page","status-publish","hentry"],"_links":{"self":[{"href":"https:\/\/www.schreinerei-jg.de\/index.php\/wp-json\/wp\/v2\/pages\/127","targetHints":{"allow":["GET"]}}],"collection":[{"href":"https:\/\/www.schreinerei-jg.de\/index.php\/wp-json\/wp\/v2\/pages"}],"about":[{"href":"https:\/\/www.schreinerei-jg.de\/index.php\/wp-json\/wp\/v2\/types\/page"}],"author":[{"embeddable":true,"href":"https:\/\/www.schreinerei-jg.de\/index.php\/wp-json\/wp\/v2\/users\/2"}],"replies":[{"embeddable":true,"href":"https:\/\/www.schreinerei-jg.de\/index.php\/wp-json\/wp\/v2\/comments?post=127"}],"version-history":[{"count":1,"href":"https:\/\/www.schreinerei-jg.de\/index.php\/wp-json\/wp\/v2\/pages\/127\/revisions"}],"predecessor-version":[{"id":128,"href":"https:\/\/www.schreinerei-jg.de\/index.php\/wp-json\/wp\/v2\/pages\/127\/revisions\/128"}],"wp:attachment":[{"href":"https:\/\/www.schreinerei-jg.de\/index.php\/wp-json\/wp\/v2\/media?parent=127"}],"curies":[{"name":"wp","href":"https:\/\/api.w.org\/{rel}","templated":true}]}}