{"id":213,"date":"2019-05-17T12:54:17","date_gmt":"2019-05-17T12:54:17","guid":{"rendered":"https:\/\/www.schreinerei-jg.de\/?page_id=213"},"modified":"2025-12-14T14:01:59","modified_gmt":"2025-12-14T14:01:59","slug":"datenschutzerklaerung","status":"publish","type":"page","link":"https:\/\/www.schreinerei-jg.de\/index.php\/datenschutzerklaerung\/","title":{"rendered":"Datenschutzerkl\u00e4rung"},"content":{"rendered":"<p>Wir nehmen den Schutz Ihrer pers\u00f6nlichen Daten sehr ernst. Wir behandeln Ihre personenbezogenen Daten vertraulich und entsprechend der gesetzlichen Datenschutzvorschriften sowie dieser Datenschutzerkl\u00e4rung.<\/p>\n<p>Der Umgang mit Ihren personenbezogenen Daten soll f\u00fcr Sie stets nachvollziehbar und transparent sein. In dieser Datenschutzerkl\u00e4rung informieren wir Sie dar\u00fcber, welche Daten wir von Ihnen auf welcher Rechtsgrundlage erheben, zu welchen Zwecken wir diese verwenden und an welche Empf\u00e4nger wir diese weitergeben.<\/p>\n<p>Informationspflicht bei der Erhebung personenbezogener Daten gem. Art. 13 Europ\u00e4ischen Datenschutz-Grundverordnung (EU DS-GVO )<\/p>\n<p>Im Folgenden informieren wir Sie gem. Art. 13 EU DS-GVO, wie wir rechtskonform Ihre personenbezogenen Daten erheben und verarbeiten.<\/p>\n<p><strong>Verarbeitung personenbezogener Daten<\/strong><\/p>\n<p>Die Nutzung unserer Webseite ist in der Regel ohne Angabe personenbezogener Daten m\u00f6glich. Personenbezogene Daten werden nur in unserem Kontaktformular erhoben. Hier verarbeiten wir Ihren Namen und Ihre E-Mail-Adresse zu dem Zweck, Ihr Anliegen zu bearbeiten oder Ihre Anfrage zu beantworten.<\/p>\n<p>Diese Daten teilen Sie uns auf freiwilliger Basis mit.<\/p>\n<p>Wenn wir bei der technischen Durchf\u00fchrung der Datenverarbeitung externe Dienstleister besch\u00e4ftigen, handeln diese ausschlie\u00dflich auf unsere Anweisung und nach unseren Vorgaben, die \u00fcber einen Vertrag zur Auftragsdatenverarbeitung (ADV) vorgegeben werden (Art. 28 EU DS-GVO).<\/p>\n<p>Zur Verwaltung der eingesetzten Cookies und \u00e4hnlichen Technologien (Tracking-Pixel, Web-Beacons etc.) und diesbez\u00fcglicher Einwilligungen setzen wir das Consent Tool &#8222;Real Cookie Banner&#8220; ein. Details zur Funktionsweise von &#8222;Real Cookie Banner&#8220; findest du unter &lt;a href=&#8220;https:\/\/devowl.io\/de\/rcb\/datenverarbeitung\/&#8220; rel=&#8220;noreferrer&#8220; target=&#8220;_blank&#8220;&gt;https:\/\/devowl.io\/de\/rcb\/datenverarbeitung\/&lt;\/a&gt;.<\/p>\n<p><strong>Rechtsgrundlage der Datenverarbeitung<\/strong><\/p>\n<p>Die Rechtsgrundlage f\u00fcr die Verarbeitung von personenbezogenen Daten ist bei Rechtsgesch\u00e4ften (Vertr\u00e4gen und Vertragsanbahnungen Art. 6 Abs. 1 lit.b) EU DS-GVO.<\/p>\n<p>Rechtsgrundlage f\u00fcr die Verarbeitung Ihrer personenbezogenen Daten in unserem Kontaktformular, ist Art. 6 Abs. 1 S. 1 lit. f) EU DSG-VO. Wenn Sie uns \u00fcber unser Kontaktformular anschreiben, ist es unser berechtigtes Interesse, Ihren Namen und Ihre E-Mail-Adresse zu verarbeiten, um Sie gem\u00e4\u00df Ihrer Anfrage oder Ihrem Anliegen informieren zu k\u00f6nnen.<\/p>\n<p><strong>Dauer der Speicherung und Weitergabe Ihrer personenbezogenen Daten<\/strong><\/p>\n<p>Ihre personenbezogenen Daten werden gel\u00f6scht, wenn sie f\u00fcr die Zwecke, f\u00fcr die sie erhoben oder auf sonstige Weise verarbeitet wurden, nicht mehr ben\u00f6tigt werden (Art. 17 Abs. 1 lit. a) EU DSG-VO).<\/p>\n<p>Selbstverst\u00e4ndlich haben Sie das Recht, dass alle Daten, die wir von Ihnen verarbeitet haben, auch auf Ihren Wunsch hin gel\u00f6scht werden, sofern keine gesetzliche Aufbewahrungsfrist besteht.<\/p>\n<p>Ihre personenbezogenen Daten werden ohne Ihre ausdr\u00fcckliche Zustimmung nicht an Dritte weitergegeben. Sie werden auch nicht im Rahmen von automatisierter Entscheidungsfindung \u201eProfiling\u201c eingesetzt.<\/p>\n<p>Die von uns erhobenen personenbezogenen Daten werden ausschlie\u00dflich innerhalb der Europ\u00e4ischen Union verarbeitet. Eine Weitergabe der Daten an Drittl\u00e4nder ist nur mit einer ausdr\u00fccklichen Einwilligungserkl\u00e4rung des Betroffenen m\u00f6glich.<\/p>\n<p><strong>Zugriffsdaten<\/strong><\/p>\n<p>Wir als Websitebetreiber bzw. Seitenprovider erheben Daten \u00fcber Zugriffe auf die Seite und speichert diese als \u201eServer-Logfiles\u201c ab. Folgende Daten werden so protokolliert:<\/p>\n<p>Besuchte Website<br \/>\nUhrzeit zum Zeitpunkt des Zugriffes<br \/>\nMenge der gesendeten Daten in Byte<br \/>\nQuelle\/Verweis, von welchem Sie auf die Seite gelangten<br \/>\nVerwendeter Browser<br \/>\nVerwendetes Betriebssystem<br \/>\nVerwendete IP-Adresse<br \/>\nDie erhobenen Daten dienen lediglich statistischen Auswertungen und zur Verbesserung der Website. Wir behalten uns allerdings vor, die Server-Logfiles nachtr\u00e4glich zu \u00fcberpr\u00fcfen, sollten konkrete Anhaltspunkte auf eine rechtswidrige Nutzung hinweisen.<\/p>\n<p><strong>Name und Kontaktdaten des Verantwortlichen<\/strong><\/p>\n<p>Schreinerei Gr\u00fcnerbel<br \/>\nInhaber Michael Gr\u00fcnerbel<br \/>\nHauptstr. 22<br \/>\n85259 Wiedenzhausen<br \/>\nTel.: 08134\/419<\/p>\n<p><strong>Ihre Rechte bzgl. Ihrer durch uns verarbeiteten personenbezogenen Daten<\/strong><\/p>\n<p>Sie erhalten bei uns jederzeit Auskunft \u00fcber Ihre gespeicherten Daten (Art. 15 EU DS-GVO). Wenn Ihre Daten unrichtig sind oder rechtswidrig erhoben wurden, haben Sie das Recht auf Berichtigung oder L\u00f6schung (Art. 16, 17 EU DS-GVO) sowie auf Einschr\u00e4nkung der Verarbeitung (Art. 18 EU DSG-VO). Au\u00dferdem haben Sie das Recht auf Daten\u00fcbertragbarkeit (Art. 20 EU DSG-VO) sowie auf Widerspruch (Art. 21 EU DSG-VO).<\/p>\n<p><strong>Beschwerderecht bei der zust\u00e4ndigen Aufsichtsbeh\u00f6rde<\/strong><\/p>\n<p>Sie haben unbeschadet eines anderweitigen Rechtsbehelfs das Recht auf Beschwerde bei einer Aufsichtsbeh\u00f6rde, falls Sie der Ansicht sein sollten, dass die Verarbeitung der sie betreffenden personenbezogenen Daten gegen die gesetzlichen Vorgaben verst\u00f6\u00dft. Die zust\u00e4ndige Aufsichtsbeh\u00f6rde f\u00fcr den Sitz der Schreinerei Gr\u00fcnerbel ist:<\/p>\n<p>Der Bayerische Landesbeauftragte f\u00fcr den Datenschutz<\/p>\n<p>Postfach 22 12 19, 80502 M\u00fcnchen<\/p>\n<p>Besucheranschrift: Wagm\u00fcllerstra\u00dfe 18, 80538 M\u00fcnchen<\/p>\n<p>Telefon: 089 212672-0<\/p>\n<p>E-Mail: poststelle@datenschutz-bayern.de<\/p>\n<p><strong>E-Mail-Sicherheit<\/strong><\/p>\n<p>Wir weisen darauf hin, dass die Daten\u00fcbertragung im Internet (z.B. bei der Kommunikation per E-Mail) Sicherheitsl\u00fccken aufweisen kann. Ein l\u00fcckenloser Schutz der Daten vor dem Zugriff durch Dritte ist nicht m\u00f6glich.<\/p>\n<p><strong>Links<\/strong><\/p>\n<p>Unsere Website enth\u00e4lt Links zu anderen Websites. Wir haben keinen Einfluss auf deren Inhalte und darauf, dass deren Betreiber die Datenschutzbestimmungen einhalten.<\/p>\n<p><strong>Datenschutzerkl\u00e4rung f\u00fcr die Nutzung von Google Analytics<\/strong><\/p>\n<p>Diese Website nutzt Funktionen des Webanalysedienstes Google Analytics, u.a. Funktionen f\u00fcr Werbeberichte und Re-Marketing. Anbieter ist die Google Inc. 1600 Amphitheatre Parkway Mountain View, CA 94043, USA. Google Analytics verwendet sog. Cookies. Das sind Textdateien, die auf Ihrem Computer gespeichert werden und die eine Analyse der Benutzung der Website durch Sie erm\u00f6glichen. Die durch den Cookie erzeugten Informationen \u00fcber Ihre Benutzung dieser Website werden in der Regel an einen Server von Google in den USA \u00fcbertragen und dort gespeichert. Im Falle der Aktivierung der IP-Anonymisierung auf dieser Webseite wird Ihre IP-Adresse von Google jedoch innerhalb von Mitgliedstaaten der Europ\u00e4ischen Union oder in anderen Vertragsstaaten des Abkommens \u00fcber den Europ\u00e4ischen Wirtschaftsraum zuvor gek\u00fcrzt. Nur in Ausnahmef\u00e4llen wird die volle IP-Adresse an einen Server von Google in den USA \u00fcbertragen und dort gek\u00fcrzt. Im Auftrag des Betreibers dieser Webseite wird Google diese Informationen benutzen, um Ihre Nutzung der Webseite auszuwerten, um Reports \u00fcber die Webseitenaktivit\u00e4ten zusammenzustellen und um weitere mit der Webseitennutzung und der Internetnutzung verbundene Dienstleistungen gegen\u00fcber dem Webseitenbetreiber zu erbringen.<\/p>\n<p>Sie k\u00f6nnen die Speicherung der Cookies durch eine entsprechende Einstellung Ihrer Browser-Software verhindern; wir weisen Sie jedoch darauf hin, dass Sie in diesem Fall gegebenenfalls nicht s\u00e4mtliche Funktionen dieser Website vollumf\u00e4nglich werden nutzen k\u00f6nnen. Sie k\u00f6nnen dar\u00fcber hinaus die Erfassung der durch das Cookie erzeugten und auf Ihre Nutzung der Website bezogenen Daten (inkl. Ihrer IP-Adresse) an Google sowie die Verarbeitung dieser Daten durch Google verhindern, indem Sie das unter dem folgenden Link verf\u00fcgbare Browser-Plugin herunterladen und installieren: https:\/\/tools.google.com\/dlpage\/gaoptout\/<\/p>\n<p><strong>Cookies<\/strong><\/p>\n<p>Die Internetseiten verwenden teilweise so genannte Cookies. Cookies richten auf Ihrem Rechner keinen Schaden an und enthalten keine Viren. Cookies dienen dazu, unser Angebot nutzerfreundlicher, effektiver und sicherer zu machen. Cookies sind kleine Textdateien, die auf Ihrem Rechner abgelegt werden und die Ihr Browser speichert. Die meisten der von uns verwendeten Cookies sind so genannte \u201eSession-Cookies\u201c. Sie werden nach Ende Ihres Besuchs automatisch gel\u00f6scht. Andere Cookies bleiben auf Ihrem Endger\u00e4t gespeichert, bis Sie diese l\u00f6schen. Diese Cookies erm\u00f6glichen es uns, Ihren Browser beim n\u00e4chsten Besuch wiederzuerkennen.<br \/>\nSie k\u00f6nnen Ihren Browser so einstellen, dass Sie \u00fcber das Setzen von Cookies informiert werden und Cookies nur im Einzelfall erlauben, die Annahme von Cookies f\u00fcr bestimmte F\u00e4lle oder generell ausschlie\u00dfen sowie das automatische L\u00f6schen der Cookies beim Schlie\u00dfen des Browser aktivieren. Bei der Deaktivierung von Cookies kann die Funktionalit\u00e4t dieser Website eingeschr\u00e4nkt sein.<\/p>\n<p><strong>Widerspruch Werbe-Mails<\/strong><\/p>\n<p>Der Nutzung von im Rahmen der Impressumspflicht ver\u00f6ffentlichten Kontaktdaten zur \u00dcbersendung von nicht ausdr\u00fccklich angeforderter Werbung und Informationsmaterialien wird hiermit widersprochen. Die Betreiber der Seiten behalten sich ausdr\u00fccklich rechtliche Schritte im Falle der unverlangten Zusendung von Werbeinformationen, etwa durch Spam-E-Mails, vor.<\/p>\n","protected":false},"excerpt":{"rendered":"<p>Wir nehmen den Schutz Ihrer pers\u00f6nlichen Daten sehr ernst. Wir behandeln Ihre personenbezogenen Daten vertraulich und entsprechend der gesetzlichen Datenschutzvorschriften sowie dieser Datenschutzerkl\u00e4rung. Der Umgang mit Ihren personenbezogenen Daten soll f\u00fcr Sie stets nachvollziehbar und transparent sein. In dieser Datenschutzerkl\u00e4rung informieren wir Sie dar\u00fcber, welche Daten wir von Ihnen auf welcher Rechtsgrundlage erheben, zu welchen &hellip; <a href=\"https:\/\/www.schreinerei-jg.de\/index.php\/datenschutzerklaerung\/\" class=\"more-link\"><span class=\"screen-reader-text\">Datenschutzerkl\u00e4rung<\/span> weiterlesen <span class=\"meta-nav\">&rarr;<\/span><\/a><\/p>\n","protected":false},"author":2,"featured_media":0,"parent":0,"menu_order":0,"comment_status":"closed","ping_status":"closed","template":"","meta":{"ngg_post_thumbnail":0,"footnotes":""},"class_list":["post-213","page","type-page","status-publish","hentry"],"_links":{"self":[{"href":"https:\/\/www.schreinerei-jg.de\/index.php\/wp-json\/wp\/v2\/pages\/213","targetHints":{"allow":["GET"]}}],"collection":[{"href":"https:\/\/www.schreinerei-jg.de\/index.php\/wp-json\/wp\/v2\/pages"}],"about":[{"href":"https:\/\/www.schreinerei-jg.de\/index.php\/wp-json\/wp\/v2\/types\/page"}],"author":[{"embeddable":true,"href":"https:\/\/www.schreinerei-jg.de\/index.php\/wp-json\/wp\/v2\/users\/2"}],"replies":[{"embeddable":true,"href":"https:\/\/www.schreinerei-jg.de\/index.php\/wp-json\/wp\/v2\/comments?post=213"}],"version-history":[{"count":5,"href":"https:\/\/www.schreinerei-jg.de\/index.php\/wp-json\/wp\/v2\/pages\/213\/revisions"}],"predecessor-version":[{"id":243,"href":"https:\/\/www.schreinerei-jg.de\/index.php\/wp-json\/wp\/v2\/pages\/213\/revisions\/243"}],"wp:attachment":[{"href":"https:\/\/www.schreinerei-jg.de\/index.php\/wp-json\/wp\/v2\/media?parent=213"}],"curies":[{"name":"wp","href":"https:\/\/api.w.org\/{rel}","templated":true}]}}