{"id":39,"date":"2018-10-26T12:03:29","date_gmt":"2018-10-26T12:03:29","guid":{"rendered":"https:\/\/schreinerei-jg.de\/?page_id=39"},"modified":"2025-12-14T14:48:16","modified_gmt":"2025-12-14T14:48:16","slug":"home","status":"publish","type":"page","link":"https:\/\/www.schreinerei-jg.de\/","title":{"rendered":"Home"},"content":{"rendered":"\n<figure class=\"wp-block-image\"><img loading=\"lazy\" decoding=\"async\" width=\"960\" height=\"536\" src=\"https:\/\/schreinerei-jg.de\/wp-content\/uploads\/2018\/10\/Werkstatt.png\" alt=\"\" class=\"wp-image-116\" srcset=\"https:\/\/www.schreinerei-jg.de\/wp-content\/uploads\/2018\/10\/Werkstatt.png 960w, https:\/\/www.schreinerei-jg.de\/wp-content\/uploads\/2018\/10\/Werkstatt-300x168.png 300w, https:\/\/www.schreinerei-jg.de\/wp-content\/uploads\/2018\/10\/Werkstatt-768x429.png 768w\" sizes=\"auto, (max-width: 960px) 100vw, 960px\" \/><\/figure>\n\n\n\n<p>Wir sind die Schreinrei Gr\u00fcnerbel aus Wiedenzhausen bei Dachau. Unsere Schreinerei ist ein Familienbetrieb, der schon seit \u00fcber 85 Jahre hier ortsans\u00e4\u00dfig ist.<br>Ein moderner Maschinenpark und qualifizierte und geschulte Schreiner erf\u00fcllen die hohen Anspr\u00fcche von Privatkunden und Firmenkunden, Banken und Hausverwaltungen. Der Aufgabenbereich unseres Betriebes reicht vom Fenster- und T\u00fcrenbau, Einbruchnachr\u00fcstung, Montage von Fensterl\u00e4den bis hin zum hochwertigen Innenausbau.<\/p>\n\n\n\n<p>.<\/p>\n\n\n\n<figure class=\"wp-block-image\"><img decoding=\"async\" src=\"https:\/\/schreinerei-jg.de\/wp-content\/uploads\/2018\/02\/JG-Logo.png\" alt=\"\"\/><\/figure>\n","protected":false},"excerpt":{"rendered":"<p>Wir sind die Schreinrei Gr\u00fcnerbel aus Wiedenzhausen bei Dachau. Unsere Schreinerei ist ein Familienbetrieb, der schon seit \u00fcber 85 Jahre hier ortsans\u00e4\u00dfig ist.Ein moderner Maschinenpark und qualifizierte und geschulte Schreiner erf\u00fcllen die hohen Anspr\u00fcche von Privatkunden und Firmenkunden, Banken und Hausverwaltungen. Der Aufgabenbereich unseres Betriebes reicht vom Fenster- und T\u00fcrenbau, Einbruchnachr\u00fcstung, Montage von Fensterl\u00e4den bis &hellip; <a href=\"https:\/\/www.schreinerei-jg.de\/\" class=\"more-link\"><span class=\"screen-reader-text\">Home<\/span> weiterlesen <span class=\"meta-nav\">&rarr;<\/span><\/a><\/p>\n","protected":false},"author":2,"featured_media":0,"parent":0,"menu_order":0,"comment_status":"closed","ping_status":"closed","template":"page-templates\/full-width.php","meta":{"ngg_post_thumbnail":0,"footnotes":""},"class_list":["post-39","page","type-page","status-publish","hentry"],"_links":{"self":[{"href":"https:\/\/www.schreinerei-jg.de\/index.php\/wp-json\/wp\/v2\/pages\/39","targetHints":{"allow":["GET"]}}],"collection":[{"href":"https:\/\/www.schreinerei-jg.de\/index.php\/wp-json\/wp\/v2\/pages"}],"about":[{"href":"https:\/\/www.schreinerei-jg.de\/index.php\/wp-json\/wp\/v2\/types\/page"}],"author":[{"embeddable":true,"href":"https:\/\/www.schreinerei-jg.de\/index.php\/wp-json\/wp\/v2\/users\/2"}],"replies":[{"embeddable":true,"href":"https:\/\/www.schreinerei-jg.de\/index.php\/wp-json\/wp\/v2\/comments?post=39"}],"version-history":[{"count":10,"href":"https:\/\/www.schreinerei-jg.de\/index.php\/wp-json\/wp\/v2\/pages\/39\/revisions"}],"predecessor-version":[{"id":255,"href":"https:\/\/www.schreinerei-jg.de\/index.php\/wp-json\/wp\/v2\/pages\/39\/revisions\/255"}],"wp:attachment":[{"href":"https:\/\/www.schreinerei-jg.de\/index.php\/wp-json\/wp\/v2\/media?parent=39"}],"curies":[{"name":"wp","href":"https:\/\/api.w.org\/{rel}","templated":true}]}}