{"id":51,"date":"2018-10-26T12:10:43","date_gmt":"2018-10-26T12:10:43","guid":{"rendered":"https:\/\/schreinerei-jg.de\/?page_id=51"},"modified":"2018-10-26T12:21:11","modified_gmt":"2018-10-26T12:21:11","slug":"ueber-uns","status":"publish","type":"page","link":"https:\/\/www.schreinerei-jg.de\/index.php\/ueber-uns\/","title":{"rendered":"\u00dcber Uns"},"content":{"rendered":"\n<p>\n\nWir sind die Schreinrei Gr\u00fcnerbel aus Wiedenzhausen bei Dachau. Unsere Schreinerei ist ein Familienbetrieb, der schon seit \u00fcber 75 Jahre hier ortsans\u00e4\u00dfig ist.<br>Ein moderener Maschinenpark und qualifizierte und geschulte Schreiner erf\u00fcllen die hohen Anspr\u00fcche von Privatkunden und Firmenkunden, Banken und Hausverwaltungen. Der Aufgabenbereich unseres Betriebes reicht vom Fenster- und T\u00fcrenbau bis hin zum hochwertigen Innenausbau, wie z.B. K\u00fcchen, Schlafzimmer, Gaderroben und noch andere Bereiche.&nbsp;\n\n<\/p>\n\n\n\n<figure class=\"wp-block-image is-resized\"><img loading=\"lazy\" decoding=\"async\" src=\"https:\/\/schreinerei-jg.de\/wp-content\/uploads\/2018\/02\/JG-Logo.png\" alt=\"\" class=\"wp-image-34\" width=\"576\" height=\"486\" srcset=\"https:\/\/www.schreinerei-jg.de\/wp-content\/uploads\/2018\/02\/JG-Logo.png 478w, https:\/\/www.schreinerei-jg.de\/wp-content\/uploads\/2018\/02\/JG-Logo-300x253.png 300w\" sizes=\"auto, (max-width: 576px) 100vw, 576px\" \/><\/figure>\n","protected":false},"excerpt":{"rendered":"<p>Wir sind die Schreinrei Gr\u00fcnerbel aus Wiedenzhausen bei Dachau. Unsere Schreinerei ist ein Familienbetrieb, der schon seit \u00fcber 75 Jahre hier ortsans\u00e4\u00dfig ist.Ein moderener Maschinenpark und qualifizierte und geschulte Schreiner erf\u00fcllen die hohen Anspr\u00fcche von Privatkunden und Firmenkunden, Banken und Hausverwaltungen. Der Aufgabenbereich unseres Betriebes reicht vom Fenster- und T\u00fcrenbau bis hin zum hochwertigen Innenausbau, &hellip; <a href=\"https:\/\/www.schreinerei-jg.de\/index.php\/ueber-uns\/\" class=\"more-link\"><span class=\"screen-reader-text\">\u00dcber Uns<\/span> weiterlesen <span class=\"meta-nav\">&rarr;<\/span><\/a><\/p>\n","protected":false},"author":2,"featured_media":0,"parent":0,"menu_order":0,"comment_status":"closed","ping_status":"closed","template":"","meta":{"ngg_post_thumbnail":0,"footnotes":""},"class_list":["post-51","page","type-page","status-publish","hentry"],"_links":{"self":[{"href":"https:\/\/www.schreinerei-jg.de\/index.php\/wp-json\/wp\/v2\/pages\/51","targetHints":{"allow":["GET"]}}],"collection":[{"href":"https:\/\/www.schreinerei-jg.de\/index.php\/wp-json\/wp\/v2\/pages"}],"about":[{"href":"https:\/\/www.schreinerei-jg.de\/index.php\/wp-json\/wp\/v2\/types\/page"}],"author":[{"embeddable":true,"href":"https:\/\/www.schreinerei-jg.de\/index.php\/wp-json\/wp\/v2\/users\/2"}],"replies":[{"embeddable":true,"href":"https:\/\/www.schreinerei-jg.de\/index.php\/wp-json\/wp\/v2\/comments?post=51"}],"version-history":[{"count":4,"href":"https:\/\/www.schreinerei-jg.de\/index.php\/wp-json\/wp\/v2\/pages\/51\/revisions"}],"predecessor-version":[{"id":60,"href":"https:\/\/www.schreinerei-jg.de\/index.php\/wp-json\/wp\/v2\/pages\/51\/revisions\/60"}],"wp:attachment":[{"href":"https:\/\/www.schreinerei-jg.de\/index.php\/wp-json\/wp\/v2\/media?parent=51"}],"curies":[{"name":"wp","href":"https:\/\/api.w.org\/{rel}","templated":true}]}}