{"id":74,"date":"2018-10-26T12:33:13","date_gmt":"2018-10-26T12:33:13","guid":{"rendered":"https:\/\/schreinerei-jg.de\/?page_id=74"},"modified":"2018-10-30T16:25:59","modified_gmt":"2018-10-30T16:25:59","slug":"fenster","status":"publish","type":"page","link":"https:\/\/www.schreinerei-jg.de\/index.php\/fenster\/","title":{"rendered":"Fenster"},"content":{"rendered":"\n<p style=\"text-align:left\">Seid \u00fcber 30 Jahren beziehen wir unsere Fenster und Haust\u00fcren von der Firma Kneer-S\u00fcdfenster GmbH. Durch diese jahrelange Zusammenarbeit mit dem ebenfalls familiengef\u00fchrten Unternehmen hat sich eine starke Partnerschaft entwickelt.<\/p>\n\n\n\n<p>Deshalb k\u00f6nnen wir folgende Materialien\/Kombinationen im Fenster und Fenstert\u00fcrenbau von einem Hersteller anbieten: <\/p>\n\n\n\n<ul class=\"wp-block-list\"><li>Kunststoff&nbsp; &nbsp; &nbsp; &nbsp; &nbsp; &nbsp; &nbsp; &nbsp; &nbsp; &nbsp; &nbsp; &nbsp; &nbsp; &nbsp; &nbsp; &nbsp; &nbsp; &nbsp; &nbsp; <\/li><li>Alu-Kunststoffenster und -t\u00fcren&nbsp; &nbsp; &nbsp; &nbsp; &nbsp; &nbsp; &nbsp; &nbsp; &nbsp; &nbsp; &nbsp; &nbsp; &nbsp; &nbsp; &nbsp; &nbsp; &nbsp; &nbsp; &nbsp; &nbsp; &nbsp; &nbsp; &nbsp; &nbsp; &nbsp; &nbsp; &nbsp; &nbsp; &nbsp; &nbsp; &nbsp; &nbsp; &nbsp; &nbsp; &nbsp;&nbsp;<\/li><li>Holzfenster und -t\u00fcren&nbsp; &nbsp; &nbsp; &nbsp; &nbsp; &nbsp; &nbsp; &nbsp; &nbsp; &nbsp; &nbsp; &nbsp; &nbsp; &nbsp; &nbsp; &nbsp; &nbsp; &nbsp; &nbsp; &nbsp; &nbsp; &nbsp; &nbsp; &nbsp; &nbsp; &nbsp; &nbsp; &nbsp; &nbsp; &nbsp; &nbsp; &nbsp; &nbsp; &nbsp; &nbsp; &nbsp; &nbsp; &nbsp; &nbsp; &nbsp; &nbsp; &nbsp; &nbsp;&nbsp;<\/li><li>Aluminium-Holz<\/li><li>Denkmalschutzfenster und -t\u00fcren&nbsp;<\/li><li>Aluminiumfenster<\/li><li>Pfosten \/ Riegelkonstruktionen<\/li><\/ul>\n\n\n\n<div class=\"wp-block-image\"><figure class=\"aligncenter is-resized\"><img loading=\"lazy\" decoding=\"async\" src=\"https:\/\/schreinerei-jg.de\/wp-content\/uploads\/2018\/10\/image.png\" alt=\"\" class=\"wp-image-144\" width=\"320\" height=\"166\" srcset=\"https:\/\/www.schreinerei-jg.de\/wp-content\/uploads\/2018\/10\/image.png 2493w, https:\/\/www.schreinerei-jg.de\/wp-content\/uploads\/2018\/10\/image-300x157.png 300w, https:\/\/www.schreinerei-jg.de\/wp-content\/uploads\/2018\/10\/image-768x401.png 768w, https:\/\/www.schreinerei-jg.de\/wp-content\/uploads\/2018\/10\/image-1024x535.png 1024w\" sizes=\"auto, (max-width: 320px) 100vw, 320px\" \/><\/figure><\/div>\n","protected":false},"excerpt":{"rendered":"<p>Seid \u00fcber 30 Jahren beziehen wir unsere Fenster und Haust\u00fcren von der Firma Kneer-S\u00fcdfenster GmbH. Durch diese jahrelange Zusammenarbeit mit dem ebenfalls familiengef\u00fchrten Unternehmen hat sich eine starke Partnerschaft entwickelt. Deshalb k\u00f6nnen wir folgende Materialien\/Kombinationen im Fenster und Fenstert\u00fcrenbau von einem Hersteller anbieten: Kunststoff&nbsp; &nbsp; &nbsp; &nbsp; &nbsp; &nbsp; &nbsp; &nbsp; &nbsp; &nbsp; &nbsp; &nbsp; &hellip; <a href=\"https:\/\/www.schreinerei-jg.de\/index.php\/fenster\/\" class=\"more-link\"><span class=\"screen-reader-text\">Fenster<\/span> weiterlesen <span class=\"meta-nav\">&rarr;<\/span><\/a><\/p>\n","protected":false},"author":2,"featured_media":0,"parent":0,"menu_order":0,"comment_status":"closed","ping_status":"closed","template":"","meta":{"ngg_post_thumbnail":0,"footnotes":""},"class_list":["post-74","page","type-page","status-publish","hentry"],"_links":{"self":[{"href":"https:\/\/www.schreinerei-jg.de\/index.php\/wp-json\/wp\/v2\/pages\/74","targetHints":{"allow":["GET"]}}],"collection":[{"href":"https:\/\/www.schreinerei-jg.de\/index.php\/wp-json\/wp\/v2\/pages"}],"about":[{"href":"https:\/\/www.schreinerei-jg.de\/index.php\/wp-json\/wp\/v2\/types\/page"}],"author":[{"embeddable":true,"href":"https:\/\/www.schreinerei-jg.de\/index.php\/wp-json\/wp\/v2\/users\/2"}],"replies":[{"embeddable":true,"href":"https:\/\/www.schreinerei-jg.de\/index.php\/wp-json\/wp\/v2\/comments?post=74"}],"version-history":[{"count":5,"href":"https:\/\/www.schreinerei-jg.de\/index.php\/wp-json\/wp\/v2\/pages\/74\/revisions"}],"predecessor-version":[{"id":183,"href":"https:\/\/www.schreinerei-jg.de\/index.php\/wp-json\/wp\/v2\/pages\/74\/revisions\/183"}],"wp:attachment":[{"href":"https:\/\/www.schreinerei-jg.de\/index.php\/wp-json\/wp\/v2\/media?parent=74"}],"curies":[{"name":"wp","href":"https:\/\/api.w.org\/{rel}","templated":true}]}}